{"id":521,"date":"2020-08-11T12:34:20","date_gmt":"2020-08-11T12:34:20","guid":{"rendered":"https:\/\/ibmusinagem.com.br\/?page_id=521"},"modified":"2024-09-22T22:01:51","modified_gmt":"2024-09-22T22:01:51","slug":"produtos","status":"publish","type":"page","link":"https:\/\/wgfundicao.com.br\/index.php\/produtos\/","title":{"rendered":"Produtos"},"content":{"rendered":"\t\t<div data-elementor-type=\"wp-page\" data-elementor-id=\"521\" class=\"elementor elementor-521\" data-elementor-settings=\"[]\">\n\t\t\t<div class=\"elementor-inner\">\n\t\t\t\t<div class=\"elementor-section-wrap\">\n\t\t\t\t\t\t\t<section class=\"elementor-element elementor-element-5857aa9 elementor-section-stretched elementor-section-full_width elementor-section-height-default elementor-section-height-default elementor-section elementor-top-section\" data-id=\"5857aa9\" data-element_type=\"section\" data-settings=\"{&quot;stretch_section&quot;:&quot;section-stretched&quot;}\">\n\t\t\t\t\t\t<div class=\"elementor-container elementor-column-gap-default\">\n\t\t\t\t<div class=\"elementor-row\">\n\t\t\t\t<div class=\"elementor-element elementor-element-dc7d231 elementor-column elementor-col-33 elementor-top-column\" data-id=\"dc7d231\" data-element_type=\"column\">\n\t\t\t<div class=\"elementor-column-wrap  elementor-element-populated\">\n\t\t\t\t\t<div class=\"elementor-widget-wrap\">\n\t\t\t\t<div class=\"elementor-element elementor-element-86278ae eael-flipbox-img-circle eael-flipbox-content-align-center elementor-widget elementor-widget-eael-flip-box\" data-id=\"86278ae\" data-element_type=\"widget\" data-widget_type=\"eael-flip-box.default\">\n\t\t\t\t<div class=\"elementor-widget-container\">\n\t\t\t\n\t<div class=\"eael-elements-flip-box-container eael-animate-flip eael-animate-left\">\n\n\t    <div class=\"eael-elements-flip-box-flip-card\">\n\t        <div class=\"eael-elements-flip-box-front-container\">\n\t            <div class=\"eael-elements-slider-display-table\">\n\t                <div class=\"eael-elements-flip-box-vertical-align\">\n\t                    <div class=\"eael-elements-flip-box-padding\">\n\t                        <div class=\"eael-elements-flip-box-icon-image\">\n\t\t\t\t\t\t\t\t\t\t\t\t\t\t\t\t\t<img decoding=\"async\" class=\"eael-flipbox-image-as-icon\" src=\"https:\/\/wgfundicao.com.br\/wp-content\/uploads\/2024\/09\/1-1.jpg\" alt=\"\">\n\t\t\t\t\t\t\t\t\t                        <\/div>\n\t                        <h2 class=\"eael-elements-flip-box-heading\">Pe\u00e7as Fundidas em Alum\u00ednio<\/h2>\n\t                        <div class=\"eael-elements-flip-box-content\">\n\t                           <p><\/p>\n\t                        <\/div>\n\t                    <\/div>\n\t                <\/div>\n\t            <\/div>\n\t        <\/div>\n\n\t        <div class=\"eael-elements-flip-box-rear-container\">\n\t            <div class=\"eael-elements-slider-display-table\">\n\t                <div class=\"eael-elements-flip-box-vertical-align\">\n\t                    <div class=\"eael-elements-flip-box-padding\">\n\t                    \t\n\t                        <h2 class=\"eael-elements-flip-box-heading\">Produ\u00e7\u00e3o de pe\u00e7as robustas e personalizadas, com alta durabilidade e precis\u00e3o.<\/h2>\n\t                        <div class=\"eael-elements-flip-box-content\">\n\t                           <p><\/p>\n\t                        <\/div>\n\n\t                        \t                    <\/div>\n\t                <\/div>\n\t            <\/div>\n\t        <\/div>\n\t    <\/div>\n\t<\/div>\n\n\t\t\t<\/div>\n\t\t\t\t<\/div>\n\t\t\t\t\t\t<\/div>\n\t\t\t<\/div>\n\t\t<\/div>\n\t\t\t\t<div class=\"elementor-element elementor-element-87b485d elementor-column elementor-col-33 elementor-top-column\" data-id=\"87b485d\" data-element_type=\"column\">\n\t\t\t<div class=\"elementor-column-wrap  elementor-element-populated\">\n\t\t\t\t\t<div class=\"elementor-widget-wrap\">\n\t\t\t\t<div class=\"elementor-element elementor-element-b7f5906 eael-flipbox-img-circle eael-flipbox-content-align-center elementor-widget elementor-widget-eael-flip-box\" data-id=\"b7f5906\" data-element_type=\"widget\" data-widget_type=\"eael-flip-box.default\">\n\t\t\t\t<div class=\"elementor-widget-container\">\n\t\t\t\n\t<div class=\"eael-elements-flip-box-container eael-animate-flip eael-animate-left\">\n\n\t    <div class=\"eael-elements-flip-box-flip-card\">\n\t        <div class=\"eael-elements-flip-box-front-container\">\n\t            <div class=\"eael-elements-slider-display-table\">\n\t                <div class=\"eael-elements-flip-box-vertical-align\">\n\t                    <div class=\"eael-elements-flip-box-padding\">\n\t                        <div class=\"eael-elements-flip-box-icon-image\">\n\t\t\t\t\t\t\t\t\t\t\t\t\t\t\t\t\t<img decoding=\"async\" class=\"eael-flipbox-image-as-icon\" src=\"https:\/\/wgfundicao.com.br\/wp-content\/uploads\/2024\/09\/2-1.jpg\" alt=\"\">\n\t\t\t\t\t\t\t\t\t                        <\/div>\n\t                        <h2 class=\"eael-elements-flip-box-heading\">Desenvolvimento de Moldes<\/h2>\n\t                        <div class=\"eael-elements-flip-box-content\">\n\t                           <p><\/p>\n\t                        <\/div>\n\t                    <\/div>\n\t                <\/div>\n\t            <\/div>\n\t        <\/div>\n\n\t        <div class=\"eael-elements-flip-box-rear-container\">\n\t            <div class=\"eael-elements-slider-display-table\">\n\t                <div class=\"eael-elements-flip-box-vertical-align\">\n\t                    <div class=\"eael-elements-flip-box-padding\">\n\t                    \t\n\t                        <h2 class=\"eael-elements-flip-box-heading\">Moldes sob medida para atender \u00e0s especifica\u00e7\u00f5es t\u00e9cnicas de cada projeto.<\/h2>\n\t                        <div class=\"eael-elements-flip-box-content\">\n\t                           <p><\/p>\n\t                        <\/div>\n\n\t                        \t                    <\/div>\n\t                <\/div>\n\t            <\/div>\n\t        <\/div>\n\t    <\/div>\n\t<\/div>\n\n\t\t\t<\/div>\n\t\t\t\t<\/div>\n\t\t\t\t\t\t<\/div>\n\t\t\t<\/div>\n\t\t<\/div>\n\t\t\t\t<div class=\"elementor-element elementor-element-e748fa8 elementor-column elementor-col-33 elementor-top-column\" data-id=\"e748fa8\" data-element_type=\"column\">\n\t\t\t<div class=\"elementor-column-wrap  elementor-element-populated\">\n\t\t\t\t\t<div class=\"elementor-widget-wrap\">\n\t\t\t\t<div class=\"elementor-element elementor-element-22edaa2 eael-flipbox-img-circle eael-flipbox-content-align-center elementor-widget elementor-widget-eael-flip-box\" data-id=\"22edaa2\" data-element_type=\"widget\" data-widget_type=\"eael-flip-box.default\">\n\t\t\t\t<div class=\"elementor-widget-container\">\n\t\t\t\n\t<div class=\"eael-elements-flip-box-container eael-animate-flip eael-animate-left\">\n\n\t    <div class=\"eael-elements-flip-box-flip-card\">\n\t        <div class=\"eael-elements-flip-box-front-container\">\n\t            <div class=\"eael-elements-slider-display-table\">\n\t                <div class=\"eael-elements-flip-box-vertical-align\">\n\t                    <div class=\"eael-elements-flip-box-padding\">\n\t                        <div class=\"eael-elements-flip-box-icon-image\">\n\t\t\t\t\t\t\t\t\t\t\t\t\t\t\t\t\t<img decoding=\"async\" class=\"eael-flipbox-image-as-icon\" src=\"https:\/\/wgfundicao.com.br\/wp-content\/uploads\/2024\/09\/3.jpg\" alt=\"\">\n\t\t\t\t\t\t\t\t\t                        <\/div>\n\t                        <h2 class=\"eael-elements-flip-box-heading\">Usinagem de Precis\u00e3o<\/h2>\n\t                        <div class=\"eael-elements-flip-box-content\">\n\t                           <p><\/p>\n\t                        <\/div>\n\t                    <\/div>\n\t                <\/div>\n\t            <\/div>\n\t        <\/div>\n\n\t        <div class=\"eael-elements-flip-box-rear-container\">\n\t            <div class=\"eael-elements-slider-display-table\">\n\t                <div class=\"eael-elements-flip-box-vertical-align\">\n\t                    <div class=\"eael-elements-flip-box-padding\">\n\t                    \t\n\t                        <h2 class=\"eael-elements-flip-box-heading\">Acabamento perfeito em pe\u00e7as de alum\u00ednio, com prazos de entrega r\u00e1pidos e eficientes.<\/h2>\n\t                        <div class=\"eael-elements-flip-box-content\">\n\t                           <p><\/p>\n\t                        <\/div>\n\n\t                        \t                    <\/div>\n\t                <\/div>\n\t            <\/div>\n\t        <\/div>\n\t    <\/div>\n\t<\/div>\n\n\t\t\t<\/div>\n\t\t\t\t<\/div>\n\t\t\t\t\t\t<\/div>\n\t\t\t<\/div>\n\t\t<\/div>\n\t\t\t\t\t\t<\/div>\n\t\t\t<\/div>\n\t\t<\/section>\n\t\t\t\t<section class=\"elementor-element elementor-element-2cfd6a4 elementor-section-boxed elementor-section-height-default elementor-section-height-default elementor-section elementor-top-section\" data-id=\"2cfd6a4\" data-element_type=\"section\">\n\t\t\t\t\t\t<div class=\"elementor-container elementor-column-gap-default\">\n\t\t\t\t<div class=\"elementor-row\">\n\t\t\t\t<div class=\"elementor-element elementor-element-ad34179 elementor-column elementor-col-100 elementor-top-column\" data-id=\"ad34179\" data-element_type=\"column\">\n\t\t\t<div class=\"elementor-column-wrap  elementor-element-populated\">\n\t\t\t\t\t<div class=\"elementor-widget-wrap\">\n\t\t\t\t<div class=\"elementor-element elementor-element-1e13033 elementor-widget elementor-widget-spacer\" data-id=\"1e13033\" data-element_type=\"widget\" data-widget_type=\"spacer.default\">\n\t\t\t\t<div class=\"elementor-widget-container\">\n\t\t\t\t\t<div class=\"elementor-spacer\">\n\t\t\t<div class=\"elementor-spacer-inner\"><\/div>\n\t\t<\/div>\n\t\t\t\t<\/div>\n\t\t\t\t<\/div>\n\t\t\t\t\t\t<\/div>\n\t\t\t<\/div>\n\t\t<\/div>\n\t\t\t\t\t\t<\/div>\n\t\t\t<\/div>\n\t\t<\/section>\n\t\t\t\t<section class=\"elementor-element elementor-element-687f1f9 elementor-section-stretched elementor-section-full_width elementor-section-height-default elementor-section-height-default elementor-section elementor-top-section\" data-id=\"687f1f9\" data-element_type=\"section\" data-settings=\"{&quot;stretch_section&quot;:&quot;section-stretched&quot;}\">\n\t\t\t\t\t\t<div class=\"elementor-container elementor-column-gap-default\">\n\t\t\t\t<div class=\"elementor-row\">\n\t\t\t\t<div class=\"elementor-element elementor-element-b4d6ac6 elementor-column elementor-col-33 elementor-top-column\" data-id=\"b4d6ac6\" data-element_type=\"column\">\n\t\t\t<div class=\"elementor-column-wrap  elementor-element-populated\">\n\t\t\t\t\t<div class=\"elementor-widget-wrap\">\n\t\t\t\t<div class=\"elementor-element elementor-element-4128a2e eael-flipbox-img-circle eael-flipbox-content-align-center elementor-widget elementor-widget-eael-flip-box\" data-id=\"4128a2e\" data-element_type=\"widget\" data-widget_type=\"eael-flip-box.default\">\n\t\t\t\t<div class=\"elementor-widget-container\">\n\t\t\t\n\t<div class=\"eael-elements-flip-box-container eael-animate-flip eael-animate-left\">\n\n\t    <div class=\"eael-elements-flip-box-flip-card\">\n\t        <div class=\"eael-elements-flip-box-front-container\">\n\t            <div class=\"eael-elements-slider-display-table\">\n\t                <div class=\"eael-elements-flip-box-vertical-align\">\n\t                    <div class=\"eael-elements-flip-box-padding\">\n\t                        <div class=\"eael-elements-flip-box-icon-image\">\n\t\t\t\t\t\t\t\t\t\t\t\t\t\t\t\t\t<img decoding=\"async\" class=\"eael-flipbox-image-as-icon\" src=\"https:\/\/wgfundicao.com.br\/wp-content\/uploads\/2024\/09\/4.jpg\" alt=\"\">\n\t\t\t\t\t\t\t\t\t                        <\/div>\n\t                        <h2 class=\"eael-elements-flip-box-heading\">Autope\u00e7as<\/h2>\n\t                        <div class=\"eael-elements-flip-box-content\">\n\t                           <p><\/p>\n\t                        <\/div>\n\t                    <\/div>\n\t                <\/div>\n\t            <\/div>\n\t        <\/div>\n\n\t        <div class=\"eael-elements-flip-box-rear-container\">\n\t            <div class=\"eael-elements-slider-display-table\">\n\t                <div class=\"eael-elements-flip-box-vertical-align\">\n\t                    <div class=\"eael-elements-flip-box-padding\">\n\t                    \t\n\t                        <h2 class=\"eael-elements-flip-box-heading\">Solu\u00e7\u00f5es de alta performance para o setor automotivo, com qualidade garantida.<\/h2>\n\t                        <div class=\"eael-elements-flip-box-content\">\n\t                           <p><\/p>\n\t                        <\/div>\n\n\t                        \t                    <\/div>\n\t                <\/div>\n\t            <\/div>\n\t        <\/div>\n\t    <\/div>\n\t<\/div>\n\n\t\t\t<\/div>\n\t\t\t\t<\/div>\n\t\t\t\t\t\t<\/div>\n\t\t\t<\/div>\n\t\t<\/div>\n\t\t\t\t<div class=\"elementor-element elementor-element-5cced1d elementor-column elementor-col-33 elementor-top-column\" data-id=\"5cced1d\" data-element_type=\"column\">\n\t\t\t<div class=\"elementor-column-wrap  elementor-element-populated\">\n\t\t\t\t\t<div class=\"elementor-widget-wrap\">\n\t\t\t\t<div class=\"elementor-element elementor-element-0451d01 eael-flipbox-img-circle eael-flipbox-content-align-center elementor-widget elementor-widget-eael-flip-box\" data-id=\"0451d01\" data-element_type=\"widget\" data-widget_type=\"eael-flip-box.default\">\n\t\t\t\t<div class=\"elementor-widget-container\">\n\t\t\t\n\t<div class=\"eael-elements-flip-box-container eael-animate-flip eael-animate-left\">\n\n\t    <div class=\"eael-elements-flip-box-flip-card\">\n\t        <div class=\"eael-elements-flip-box-front-container\">\n\t            <div class=\"eael-elements-slider-display-table\">\n\t                <div class=\"eael-elements-flip-box-vertical-align\">\n\t                    <div class=\"eael-elements-flip-box-padding\">\n\t                        <div class=\"eael-elements-flip-box-icon-image\">\n\t\t\t\t\t\t\t\t\t\t\t\t\t\t\t\t\t<img decoding=\"async\" class=\"eael-flipbox-image-as-icon\" src=\"https:\/\/wgfundicao.com.br\/wp-content\/uploads\/2024\/09\/5.jpg\" alt=\"\">\n\t\t\t\t\t\t\t\t\t                        <\/div>\n\t                        <h2 class=\"eael-elements-flip-box-heading\">Pe\u00e7as Agr\u00edcolas<\/h2>\n\t                        <div class=\"eael-elements-flip-box-content\">\n\t                           <p><\/p>\n\t                        <\/div>\n\t                    <\/div>\n\t                <\/div>\n\t            <\/div>\n\t        <\/div>\n\n\t        <div class=\"eael-elements-flip-box-rear-container\">\n\t            <div class=\"eael-elements-slider-display-table\">\n\t                <div class=\"eael-elements-flip-box-vertical-align\">\n\t                    <div class=\"eael-elements-flip-box-padding\">\n\t                    \t\n\t                        <h2 class=\"eael-elements-flip-box-heading\">Pe\u00e7as fundidas e usinadas para m\u00e1quinas agr\u00edcolas, oferecendo durabilidade e resist\u00eancia.<\/h2>\n\t                        <div class=\"eael-elements-flip-box-content\">\n\t                           <p><\/p>\n\t                        <\/div>\n\n\t                        \t                    <\/div>\n\t                <\/div>\n\t            <\/div>\n\t        <\/div>\n\t    <\/div>\n\t<\/div>\n\n\t\t\t<\/div>\n\t\t\t\t<\/div>\n\t\t\t\t\t\t<\/div>\n\t\t\t<\/div>\n\t\t<\/div>\n\t\t\t\t<div class=\"elementor-element elementor-element-dcf7be6 elementor-column elementor-col-33 elementor-top-column\" data-id=\"dcf7be6\" data-element_type=\"column\">\n\t\t\t<div class=\"elementor-column-wrap  elementor-element-populated\">\n\t\t\t\t\t<div class=\"elementor-widget-wrap\">\n\t\t\t\t<div class=\"elementor-element elementor-element-2dad1fd eael-flipbox-img-circle eael-flipbox-content-align-center elementor-widget elementor-widget-eael-flip-box\" data-id=\"2dad1fd\" data-element_type=\"widget\" data-widget_type=\"eael-flip-box.default\">\n\t\t\t\t<div class=\"elementor-widget-container\">\n\t\t\t\n\t<div class=\"eael-elements-flip-box-container eael-animate-flip eael-animate-left\">\n\n\t    <div class=\"eael-elements-flip-box-flip-card\">\n\t        <div class=\"eael-elements-flip-box-front-container\">\n\t            <div class=\"eael-elements-slider-display-table\">\n\t                <div class=\"eael-elements-flip-box-vertical-align\">\n\t                    <div class=\"eael-elements-flip-box-padding\">\n\t                        <div class=\"eael-elements-flip-box-icon-image\">\n\t\t\t\t\t\t\t\t\t\t\t\t\t\t\t\t\t<img decoding=\"async\" class=\"eael-flipbox-image-as-icon\" src=\"https:\/\/wgfundicao.com.br\/wp-content\/uploads\/2024\/09\/6.jpg\" alt=\"\">\n\t\t\t\t\t\t\t\t\t                        <\/div>\n\t                        <h2 class=\"eael-elements-flip-box-heading\">Pe\u00e7as Sob Medida<\/h2>\n\t                        <div class=\"eael-elements-flip-box-content\">\n\t                           <p><\/p>\n\t                        <\/div>\n\t                    <\/div>\n\t                <\/div>\n\t            <\/div>\n\t        <\/div>\n\n\t        <div class=\"eael-elements-flip-box-rear-container\">\n\t            <div class=\"eael-elements-slider-display-table\">\n\t                <div class=\"eael-elements-flip-box-vertical-align\">\n\t                    <div class=\"eael-elements-flip-box-padding\">\n\t                    \t\n\t                        <h2 class=\"eael-elements-flip-box-heading\">Fabricamos pe\u00e7as sob medida, desenvolvidas conforme as necessidades de cada cliente.<\/h2>\n\t                        <div class=\"eael-elements-flip-box-content\">\n\t                           <p><\/p>\n\t                        <\/div>\n\n\t                        \t                    <\/div>\n\t                <\/div>\n\t            <\/div>\n\t        <\/div>\n\t    <\/div>\n\t<\/div>\n\n\t\t\t<\/div>\n\t\t\t\t<\/div>\n\t\t\t\t\t\t<\/div>\n\t\t\t<\/div>\n\t\t<\/div>\n\t\t\t\t\t\t<\/div>\n\t\t\t<\/div>\n\t\t<\/section>\n\t\t\t\t<section class=\"elementor-element elementor-element-d532258 elementor-section-boxed elementor-section-height-default elementor-section-height-default elementor-section elementor-top-section\" data-id=\"d532258\" data-element_type=\"section\">\n\t\t\t\t\t\t<div class=\"elementor-container elementor-column-gap-default\">\n\t\t\t\t<div class=\"elementor-row\">\n\t\t\t\t<div class=\"elementor-element elementor-element-1c3ea94 elementor-column elementor-col-100 elementor-top-column\" data-id=\"1c3ea94\" data-element_type=\"column\">\n\t\t\t<div class=\"elementor-column-wrap  elementor-element-populated\">\n\t\t\t\t\t<div class=\"elementor-widget-wrap\">\n\t\t\t\t<div class=\"elementor-element elementor-element-25eea7d elementor-widget elementor-widget-spacer\" data-id=\"25eea7d\" data-element_type=\"widget\" data-widget_type=\"spacer.default\">\n\t\t\t\t<div class=\"elementor-widget-container\">\n\t\t\t\t\t<div class=\"elementor-spacer\">\n\t\t\t<div class=\"elementor-spacer-inner\"><\/div>\n\t\t<\/div>\n\t\t\t\t<\/div>\n\t\t\t\t<\/div>\n\t\t\t\t\t\t<\/div>\n\t\t\t<\/div>\n\t\t<\/div>\n\t\t\t\t\t\t<\/div>\n\t\t\t<\/div>\n\t\t<\/section>\n\t\t\t\t<section class=\"elementor-element elementor-element-ca2572f elementor-section-boxed elementor-section-height-default elementor-section-height-default elementor-section elementor-top-section\" data-id=\"ca2572f\" data-element_type=\"section\">\n\t\t\t\t\t\t<div class=\"elementor-container elementor-column-gap-default\">\n\t\t\t\t<div class=\"elementor-row\">\n\t\t\t\t<div class=\"elementor-element elementor-element-6818510 elementor-column elementor-col-100 elementor-top-column\" data-id=\"6818510\" data-element_type=\"column\">\n\t\t\t<div class=\"elementor-column-wrap  elementor-element-populated\">\n\t\t\t\t\t<div class=\"elementor-widget-wrap\">\n\t\t\t\t<div class=\"elementor-element elementor-element-8df3117 elementor-widget elementor-widget-spacer\" data-id=\"8df3117\" data-element_type=\"widget\" data-widget_type=\"spacer.default\">\n\t\t\t\t<div class=\"elementor-widget-container\">\n\t\t\t\t\t<div class=\"elementor-spacer\">\n\t\t\t<div class=\"elementor-spacer-inner\"><\/div>\n\t\t<\/div>\n\t\t\t\t<\/div>\n\t\t\t\t<\/div>\n\t\t\t\t\t\t<\/div>\n\t\t\t<\/div>\n\t\t<\/div>\n\t\t\t\t\t\t<\/div>\n\t\t\t<\/div>\n\t\t<\/section>\n\t\t\t\t\t\t<\/div>\n\t\t\t<\/div>\n\t\t<\/div>\n\t\t","protected":false},"excerpt":{"rendered":"<p>Pe\u00e7as Fundidas em Alum\u00ednio Produ\u00e7\u00e3o de pe\u00e7as robustas e personalizadas, com alta durabilidade e precis\u00e3o. Desenvolvimento de Moldes Moldes sob medida para atender \u00e0s especifica\u00e7\u00f5es t\u00e9cnicas de cada projeto. Usinagem de Precis\u00e3o Acabamento perfeito em pe\u00e7as de alum\u00ednio, com prazos de entrega r\u00e1pidos e eficientes. Autope\u00e7as Solu\u00e7\u00f5es de alta performance para o setor automotivo, com &hellip;<\/p>\n<p class=\"read-more\"> <a class=\"\" href=\"https:\/\/wgfundicao.com.br\/index.php\/produtos\/\"> <span class=\"screen-reader-text\">Produtos<\/span> Leia mais &raquo;<\/a><\/p>\n","protected":false},"author":2,"featured_media":0,"parent":0,"menu_order":0,"comment_status":"closed","ping_status":"closed","template":"","meta":{"site-sidebar-layout":"no-sidebar","site-content-layout":"page-builder","ast-global-header-display":"","ast-main-header-display":"","ast-hfb-above-header-display":"","ast-hfb-below-header-display":"","ast-hfb-mobile-header-display":"","site-post-title":"disabled","ast-breadcrumbs-content":"","ast-featured-img":"disabled","footer-sml-layout":"","theme-transparent-header-meta":"default","adv-header-id-meta":"","stick-header-meta":"","header-above-stick-meta":"","header-main-stick-meta":"","header-below-stick-meta":"","_joinchat":[],"footnotes":""},"class_list":["post-521","page","type-page","status-publish","hentry"],"_links":{"self":[{"href":"https:\/\/wgfundicao.com.br\/index.php\/wp-json\/wp\/v2\/pages\/521","targetHints":{"allow":["GET"]}}],"collection":[{"href":"https:\/\/wgfundicao.com.br\/index.php\/wp-json\/wp\/v2\/pages"}],"about":[{"href":"https:\/\/wgfundicao.com.br\/index.php\/wp-json\/wp\/v2\/types\/page"}],"author":[{"embeddable":true,"href":"https:\/\/wgfundicao.com.br\/index.php\/wp-json\/wp\/v2\/users\/2"}],"replies":[{"embeddable":true,"href":"https:\/\/wgfundicao.com.br\/index.php\/wp-json\/wp\/v2\/comments?post=521"}],"version-history":[{"count":0,"href":"https:\/\/wgfundicao.com.br\/index.php\/wp-json\/wp\/v2\/pages\/521\/revisions"}],"wp:attachment":[{"href":"https:\/\/wgfundicao.com.br\/index.php\/wp-json\/wp\/v2\/media?parent=521"}],"curies":[{"name":"wp","href":"https:\/\/api.w.org\/{rel}","templated":true}]}}