{"id":76,"date":"2020-06-30T19:48:40","date_gmt":"2020-06-30T19:48:40","guid":{"rendered":"https:\/\/ibmusinagem.com.br\/?page_id=76"},"modified":"2024-09-22T23:33:11","modified_gmt":"2024-09-22T23:33:11","slug":"sobre-nos","status":"publish","type":"page","link":"https:\/\/wgfundicao.com.br\/index.php\/sobre-nos\/","title":{"rendered":"Sobre N\u00f3s"},"content":{"rendered":"\t\t<div data-elementor-type=\"wp-page\" data-elementor-id=\"76\" class=\"elementor elementor-76\" data-elementor-settings=\"[]\">\n\t\t\t<div class=\"elementor-inner\">\n\t\t\t\t<div class=\"elementor-section-wrap\">\n\t\t\t\t\t\t\t<section class=\"elementor-element elementor-element-25ab1d69 elementor-section-stretched elementor-section-full_width elementor-section-height-default elementor-section-height-default elementor-section elementor-top-section\" data-id=\"25ab1d69\" data-element_type=\"section\" data-settings=\"{&quot;stretch_section&quot;:&quot;section-stretched&quot;}\">\n\t\t\t\t\t\t<div class=\"elementor-container elementor-column-gap-default\">\n\t\t\t\t<div class=\"elementor-row\">\n\t\t\t\t<div class=\"elementor-element elementor-element-29015dc2 elementor-column elementor-col-100 elementor-top-column\" data-id=\"29015dc2\" data-element_type=\"column\">\n\t\t\t<div class=\"elementor-column-wrap  elementor-element-populated\">\n\t\t\t\t\t<div class=\"elementor-widget-wrap\">\n\t\t\t\t<div class=\"elementor-element elementor-element-738cda88 elementor-widget elementor-widget-image\" data-id=\"738cda88\" data-element_type=\"widget\" data-widget_type=\"image.default\">\n\t\t\t\t<div class=\"elementor-widget-container\">\n\t\t\t\t\t<div class=\"elementor-image\">\n\t\t\t\t\t\t\t\t\t\t<img loading=\"lazy\" decoding=\"async\" width=\"2560\" height=\"939\" src=\"https:\/\/wgfundicao.com.br\/wp-content\/uploads\/2024\/09\/conheca-scaled.jpg\" class=\"attachment-full size-full\" alt=\"\" srcset=\"https:\/\/wgfundicao.com.br\/wp-content\/uploads\/2024\/09\/conheca-scaled.jpg 2560w, https:\/\/wgfundicao.com.br\/wp-content\/uploads\/2024\/09\/conheca-300x110.jpg 300w, https:\/\/wgfundicao.com.br\/wp-content\/uploads\/2024\/09\/conheca-1024x376.jpg 1024w, https:\/\/wgfundicao.com.br\/wp-content\/uploads\/2024\/09\/conheca-768x282.jpg 768w, https:\/\/wgfundicao.com.br\/wp-content\/uploads\/2024\/09\/conheca-1536x564.jpg 1536w, https:\/\/wgfundicao.com.br\/wp-content\/uploads\/2024\/09\/conheca-2048x751.jpg 2048w, https:\/\/wgfundicao.com.br\/wp-content\/uploads\/2024\/09\/conheca-600x220.jpg 600w, https:\/\/wgfundicao.com.br\/wp-content\/uploads\/2024\/09\/conheca-64x23.jpg 64w\" sizes=\"auto, (max-width: 2560px) 100vw, 2560px\" \/>\t\t\t\t\t\t\t\t\t\t\t<\/div>\n\t\t\t\t<\/div>\n\t\t\t\t<\/div>\n\t\t\t\t\t\t<\/div>\n\t\t\t<\/div>\n\t\t<\/div>\n\t\t\t\t\t\t<\/div>\n\t\t\t<\/div>\n\t\t<\/section>\n\t\t\t\t<section class=\"elementor-element elementor-element-1bb91eca elementor-section-stretched elementor-section-full_width elementor-section-height-default elementor-section-height-default elementor-section elementor-top-section\" data-id=\"1bb91eca\" data-element_type=\"section\" data-settings=\"{&quot;stretch_section&quot;:&quot;section-stretched&quot;}\">\n\t\t\t\t\t\t<div class=\"elementor-container elementor-column-gap-default\">\n\t\t\t\t<div class=\"elementor-row\">\n\t\t\t\t<div class=\"elementor-element elementor-element-148e14e3 elementor-column elementor-col-100 elementor-top-column\" data-id=\"148e14e3\" data-element_type=\"column\">\n\t\t\t<div class=\"elementor-column-wrap  elementor-element-populated\">\n\t\t\t\t\t<div class=\"elementor-widget-wrap\">\n\t\t\t\t<div class=\"elementor-element elementor-element-756f2e5c elementor-widget elementor-widget-text-editor\" data-id=\"756f2e5c\" data-element_type=\"widget\" data-widget_type=\"text-editor.default\">\n\t\t\t\t<div class=\"elementor-widget-container\">\n\t\t\t\t\t<div class=\"elementor-text-editor elementor-clearfix\"><p><strong>Hist\u00f3ria<\/strong><\/p><p>A WG Fundi\u00e7\u00e3o se consolida como refer\u00eancia no fornecimento de solu\u00e7\u00f5es em pe\u00e7as fundidas e usinadas em alum\u00ednio. Com anos de experi\u00eancia no mercado, a empresa oferece um portf\u00f3lio completo que abrange desde o desenvolvimento de moldes personalizados at\u00e9 a produ\u00e7\u00e3o e usinagem de pe\u00e7as em alum\u00ednio, atendendo \u00e0s necessidades de setores como autope\u00e7as, agroneg\u00f3cio e fabricantes de pe\u00e7as especiais.<\/p><p>Combinando tecnologia de ponta e equipamentos modernos, a WG Fundi\u00e7\u00e3o garante a precis\u00e3o e a qualidade de suas pe\u00e7as, aliando efici\u00eancia na produ\u00e7\u00e3o a prazos de entrega otimizados. A infraestrutura da empresa, aliada a um time altamente qualificado, permite atender com excel\u00eancia \u00e0s demandas do mercado nacional, sempre com foco em superar as expectativas de seus clientes.<\/p><p>A empresa se destaca pelo compromisso cont\u00ednuo com a inova\u00e7\u00e3o, investindo constantemente em novas tecnologias para aprimorar seus processos produtivos. Cada pe\u00e7a passa por um rigoroso controle de qualidade, assegurando que os produtos atendam aos mais altos padr\u00f5es do mercado.<\/p><\/div>\n\t\t\t\t<\/div>\n\t\t\t\t<\/div>\n\t\t\t\t\t\t<\/div>\n\t\t\t<\/div>\n\t\t<\/div>\n\t\t\t\t\t\t<\/div>\n\t\t\t<\/div>\n\t\t<\/section>\n\t\t\t\t<section class=\"elementor-element elementor-element-35ff8cfb elementor-section-stretched elementor-section-full_width elementor-section-height-default elementor-section-height-default elementor-section elementor-top-section\" data-id=\"35ff8cfb\" data-element_type=\"section\" data-settings=\"{&quot;stretch_section&quot;:&quot;section-stretched&quot;}\">\n\t\t\t\t\t\t<div class=\"elementor-container elementor-column-gap-default\">\n\t\t\t\t<div class=\"elementor-row\">\n\t\t\t\t<div class=\"elementor-element elementor-element-597a6c1e elementor-column elementor-col-100 elementor-top-column\" data-id=\"597a6c1e\" data-element_type=\"column\">\n\t\t\t<div class=\"elementor-column-wrap  elementor-element-populated\">\n\t\t\t\t\t<div class=\"elementor-widget-wrap\">\n\t\t\t\t<div class=\"elementor-element elementor-element-48724ee0 elementor-widget elementor-widget-text-editor\" data-id=\"48724ee0\" data-element_type=\"widget\" data-widget_type=\"text-editor.default\">\n\t\t\t\t<div class=\"elementor-widget-container\">\n\t\t\t\t\t<div class=\"elementor-text-editor elementor-clearfix\"><p><strong>Miss\u00e3o<\/strong><\/p><p>&#8220;Na WG Fundi\u00e7\u00e3o, nossa miss\u00e3o \u00e9 fornecer solu\u00e7\u00f5es completas em pe\u00e7as fundidas e usinadas em alum\u00ednio, com foco na qualidade, inova\u00e7\u00e3o e atendimento diferenciado. Buscamos sempre exceder as expectativas dos nossos clientes, oferecendo produtos que combinam excel\u00eancia t\u00e9cnica e responsabilidade ambiental. Acreditamos que nosso sucesso est\u00e1 diretamente ligado \u00e0 satisfa\u00e7\u00e3o dos nossos clientes e ao impacto positivo que geramos na comunidade e no meio ambiente.&#8221;\u00a0<\/p><p><strong>Vis\u00e3o<\/strong><\/p><p>&#8220;Nossa vis\u00e3o \u00e9 ser uma empresa l\u00edder no mercado de fundi\u00e7\u00e3o e usinagem de alum\u00ednio, reconhecida pela inova\u00e7\u00e3o, qualidade e sustentabilidade de nossas opera\u00e7\u00f5es. Almejamos expandir nossa presen\u00e7a nos mercados nacionais e internacionais, sempre mantendo nosso compromisso com o desenvolvimento cont\u00ednuo e a excel\u00eancia em todos os processos.&#8221;<\/p><p><strong>Valores<\/strong><\/p><ul><li>Compromisso com a qualidade e inova\u00e7\u00e3o;<\/li><li>Respeito aos clientes e parceiros;<\/li><li>Sustentabilidade ambiental;<\/li><li>Responsabilidade social e \u00e9tica;<\/li><li>Melhoria cont\u00ednua dos processos;<\/li><li>Transpar\u00eancia e integridade em todas as nossas rela\u00e7\u00f5es.<\/li><\/ul><\/div>\n\t\t\t\t<\/div>\n\t\t\t\t<\/div>\n\t\t\t\t\t\t<\/div>\n\t\t\t<\/div>\n\t\t<\/div>\n\t\t\t\t\t\t<\/div>\n\t\t\t<\/div>\n\t\t<\/section>\n\t\t\t\t<section class=\"elementor-element elementor-element-783ea511 elementor-section-boxed elementor-section-height-default elementor-section-height-default elementor-section elementor-top-section\" data-id=\"783ea511\" data-element_type=\"section\">\n\t\t\t\t\t\t<div class=\"elementor-container elementor-column-gap-default\">\n\t\t\t\t<div class=\"elementor-row\">\n\t\t\t\t<div class=\"elementor-element elementor-element-47805b96 elementor-column elementor-col-100 elementor-top-column\" data-id=\"47805b96\" data-element_type=\"column\">\n\t\t\t<div class=\"elementor-column-wrap  elementor-element-populated\">\n\t\t\t\t\t<div class=\"elementor-widget-wrap\">\n\t\t\t\t<div class=\"elementor-element elementor-element-6eb856a6 elementor-widget elementor-widget-spacer\" data-id=\"6eb856a6\" data-element_type=\"widget\" data-widget_type=\"spacer.default\">\n\t\t\t\t<div class=\"elementor-widget-container\">\n\t\t\t\t\t<div class=\"elementor-spacer\">\n\t\t\t<div class=\"elementor-spacer-inner\"><\/div>\n\t\t<\/div>\n\t\t\t\t<\/div>\n\t\t\t\t<\/div>\n\t\t\t\t\t\t<\/div>\n\t\t\t<\/div>\n\t\t<\/div>\n\t\t\t\t\t\t<\/div>\n\t\t\t<\/div>\n\t\t<\/section>\n\t\t\t\t<section class=\"elementor-element elementor-element-34f3c46a elementor-section-stretched elementor-section-full_width elementor-section-height-default elementor-section-height-default elementor-section elementor-top-section\" data-id=\"34f3c46a\" data-element_type=\"section\" data-settings=\"{&quot;stretch_section&quot;:&quot;section-stretched&quot;}\">\n\t\t\t\t\t\t<div class=\"elementor-container elementor-column-gap-default\">\n\t\t\t\t<div class=\"elementor-row\">\n\t\t\t\t<div class=\"elementor-element elementor-element-47708bbe elementor-column elementor-col-100 elementor-top-column\" data-id=\"47708bbe\" data-element_type=\"column\">\n\t\t\t<div class=\"elementor-column-wrap  elementor-element-populated\">\n\t\t\t\t\t<div class=\"elementor-widget-wrap\">\n\t\t\t\t<div class=\"elementor-element elementor-element-d5056f2 elementor-widget elementor-widget-shortcode\" data-id=\"d5056f2\" data-element_type=\"widget\" data-widget_type=\"shortcode.default\">\n\t\t\t\t<div class=\"elementor-widget-container\">\n\t\t\t\t\t<div class=\"elementor-shortcode\"><iframe src=\"https:\/\/www.google.com\/maps\/embed?pb=!1m18!1m12!1m3!1d232.9449814721806!2d-47.59548647259325!3d-20.907503178180317!2m3!1f0!2f0!3f0!3m2!1i1024!2i768!4f13.1!3m3!1m2!1s0x94b9fb2d7f6e5eb1%3A0xa02acd4c4435a493!2zV0cgRnVuZGnDp8Ojbw!5e0!3m2!1spt-BR!2sbr!4v1727038953551!5m2!1spt-BR!2sbr\" width=\"600\" height=\"450\" style=\"border:0;\" allowfullscreen=\"\" loading=\"lazy\" referrerpolicy=\"no-referrer-when-downgrade\"><\/iframe><\/div>\n\t\t\t\t<\/div>\n\t\t\t\t<\/div>\n\t\t\t\t\t\t<\/div>\n\t\t\t<\/div>\n\t\t<\/div>\n\t\t\t\t\t\t<\/div>\n\t\t\t<\/div>\n\t\t<\/section>\n\t\t\t\t<section class=\"elementor-element elementor-element-5635f8fa elementor-section-stretched elementor-section-full_width elementor-section-height-default elementor-section-height-default elementor-section elementor-top-section\" data-id=\"5635f8fa\" data-element_type=\"section\" data-settings=\"{&quot;stretch_section&quot;:&quot;section-stretched&quot;}\">\n\t\t\t\t\t\t<div class=\"elementor-container elementor-column-gap-default\">\n\t\t\t\t<div class=\"elementor-row\">\n\t\t\t\t<div class=\"elementor-element elementor-element-469081e6 elementor-column elementor-col-100 elementor-top-column\" data-id=\"469081e6\" data-element_type=\"column\">\n\t\t\t<div class=\"elementor-column-wrap  elementor-element-populated\">\n\t\t\t\t\t<div class=\"elementor-widget-wrap\">\n\t\t\t\t<div class=\"elementor-element elementor-element-3e6039f3 elementor-widget elementor-widget-spacer\" data-id=\"3e6039f3\" data-element_type=\"widget\" data-widget_type=\"spacer.default\">\n\t\t\t\t<div class=\"elementor-widget-container\">\n\t\t\t\t\t<div class=\"elementor-spacer\">\n\t\t\t<div class=\"elementor-spacer-inner\"><\/div>\n\t\t<\/div>\n\t\t\t\t<\/div>\n\t\t\t\t<\/div>\n\t\t\t\t\t\t<\/div>\n\t\t\t<\/div>\n\t\t<\/div>\n\t\t\t\t\t\t<\/div>\n\t\t\t<\/div>\n\t\t<\/section>\n\t\t\t\t\t\t<\/div>\n\t\t\t<\/div>\n\t\t<\/div>\n\t\t","protected":false},"excerpt":{"rendered":"<p>Hist\u00f3ria A WG Fundi\u00e7\u00e3o se consolida como refer\u00eancia no fornecimento de solu\u00e7\u00f5es em pe\u00e7as fundidas e usinadas em alum\u00ednio. Com anos de experi\u00eancia no mercado, a empresa oferece um portf\u00f3lio completo que abrange desde o desenvolvimento de moldes personalizados at\u00e9 a produ\u00e7\u00e3o e usinagem de pe\u00e7as em alum\u00ednio, atendendo \u00e0s necessidades de setores como autope\u00e7as, &hellip;<\/p>\n<p class=\"read-more\"> <a class=\"\" href=\"https:\/\/wgfundicao.com.br\/index.php\/sobre-nos\/\"> <span class=\"screen-reader-text\">Sobre N\u00f3s<\/span> Leia mais &raquo;<\/a><\/p>\n","protected":false},"author":2,"featured_media":0,"parent":0,"menu_order":0,"comment_status":"closed","ping_status":"closed","template":"","meta":{"site-sidebar-layout":"no-sidebar","site-content-layout":"page-builder","ast-global-header-display":"","ast-main-header-display":"","ast-hfb-above-header-display":"","ast-hfb-below-header-display":"","ast-hfb-mobile-header-display":"","site-post-title":"disabled","ast-breadcrumbs-content":"","ast-featured-img":"disabled","footer-sml-layout":"","theme-transparent-header-meta":"default","adv-header-id-meta":"","stick-header-meta":"","header-above-stick-meta":"","header-main-stick-meta":"","header-below-stick-meta":"","_joinchat":[],"footnotes":""},"class_list":["post-76","page","type-page","status-publish","hentry"],"_links":{"self":[{"href":"https:\/\/wgfundicao.com.br\/index.php\/wp-json\/wp\/v2\/pages\/76","targetHints":{"allow":["GET"]}}],"collection":[{"href":"https:\/\/wgfundicao.com.br\/index.php\/wp-json\/wp\/v2\/pages"}],"about":[{"href":"https:\/\/wgfundicao.com.br\/index.php\/wp-json\/wp\/v2\/types\/page"}],"author":[{"embeddable":true,"href":"https:\/\/wgfundicao.com.br\/index.php\/wp-json\/wp\/v2\/users\/2"}],"replies":[{"embeddable":true,"href":"https:\/\/wgfundicao.com.br\/index.php\/wp-json\/wp\/v2\/comments?post=76"}],"version-history":[{"count":0,"href":"https:\/\/wgfundicao.com.br\/index.php\/wp-json\/wp\/v2\/pages\/76\/revisions"}],"wp:attachment":[{"href":"https:\/\/wgfundicao.com.br\/index.php\/wp-json\/wp\/v2\/media?parent=76"}],"curies":[{"name":"wp","href":"https:\/\/api.w.org\/{rel}","templated":true}]}}